{"id":265,"date":"2020-05-15T20:35:27","date_gmt":"2020-05-15T20:35:27","guid":{"rendered":"http:\/\/wadokai.ee\/?page_id=265"},"modified":"2024-11-21T10:06:57","modified_gmt":"2024-11-21T10:06:57","slug":"vooeksamid","status":"publish","type":"page","link":"https:\/\/wadokai.ee\/en\/vooeksamid\/","title":{"rendered":"V\u00f6\u00f6eksamid"},"content":{"rendered":"<section class=\"kc-elm kc-css-191085 kc_row\"><div class=\"kc-row-container  kc-container\"><div class=\"kc-wrap-columns\"><div class=\"kc-elm kc-css-453566 kc_col-sm-12 kc_column kc_col-sm-12\"><div class=\"kc-col-container\"><div class=\"kc-elm kc-css-145780 kc_text_block\"><p><strong>K\u00f5rgemad kyu ja dan v\u00f6\u00f6eksamid<\/strong><\/p>\n<p>Dan komisjon korraldab k\u00f5rgemaid, alates 6.kyu kuni 3.dan, v\u00f6\u00f6eksameid kaks korda aastas mais ja detsembris.<\/p>\n<p>Dan eksamid edukalt sooritanutel on v\u00f5imalik dan eksam registreerida JKF Wadokai peakorteris Jaapanis. Selleks saadab dan komisjon informatsiooni edukalt dan eksami sooritanute kohta JKF Wadokai peakorterisse, kust saadetakse vastava dan-i sertifikaat.<\/p>\n<p>JKF Wadokai peakorter on dan astmete registreerimiseks kinnitanud j\u00e4rgmised tasud:<\/p>\n<p>Shodan (1.dan) &#8211; 8000 jeeni<\/p>\n<p>Nidan (2.dan) &#8211; 9000 jeeni<\/p>\n<p>Sandan (3.dan) &#8211; 10 000 jeeni\u00a0<\/p>\n<p>JKF Wadokai uue liikme tasu &#8211; 3000 jeeni<\/p>\n<p>Dan eksamite registreerimise tasud makstakse dan komisjonile eurodes peale edukalt eksami sooritamist. Aluseks on samal p\u00e4eval kehtiv valuutakurss.<\/p>\n<p><strong>Madalamad kyu ja mon v\u00f6\u00f6eksamid<\/strong><\/p>\n<p>Madalamaid kyu ja mon v\u00f6\u00f6eksameid viivad l\u00e4bi Wadokai Estonia liikmed iseseisvalt vastavalt kehtivale Wadokai Estonia v\u00f6\u00f6programmile.<\/p>\n<p>Wadokai Estonia<strong> &#8211; <a href=\"http:\/\/wadokai.ee\/wp-content\/uploads\/2023\/11\/10.kyu-1.dan-karate-vooprgoramm.pdf\">10.kyu-1.dan v\u00f6\u00f6programm<\/a><\/strong><\/p>\n<p>Wadokai Estonia <a href=\"https:\/\/www.youtube.com\/@wadokaiestonia\">Youtube kanal<\/a><\/p>\n<\/div><\/div><\/div><\/div><\/div><\/section>","protected":false},"excerpt":{"rendered":"","protected":false},"author":1,"featured_media":0,"parent":0,"menu_order":0,"comment_status":"closed","ping_status":"closed","template":"page-fullwidth.php","meta":{"footnotes":""},"class_list":["post-265","page","type-page","status-publish","hentry"],"_links":{"self":[{"href":"https:\/\/wadokai.ee\/en\/wp-json\/wp\/v2\/pages\/265","targetHints":{"allow":["GET"]}}],"collection":[{"href":"https:\/\/wadokai.ee\/en\/wp-json\/wp\/v2\/pages"}],"about":[{"href":"https:\/\/wadokai.ee\/en\/wp-json\/wp\/v2\/types\/page"}],"author":[{"embeddable":true,"href":"https:\/\/wadokai.ee\/en\/wp-json\/wp\/v2\/users\/1"}],"replies":[{"embeddable":true,"href":"https:\/\/wadokai.ee\/en\/wp-json\/wp\/v2\/comments?post=265"}],"version-history":[{"count":0,"href":"https:\/\/wadokai.ee\/en\/wp-json\/wp\/v2\/pages\/265\/revisions"}],"wp:attachment":[{"href":"https:\/\/wadokai.ee\/en\/wp-json\/wp\/v2\/media?parent=265"}],"curies":[{"name":"wp","href":"https:\/\/api.w.org\/{rel}","templated":true}]}}