{"id":2,"date":"2019-10-01T11:31:43","date_gmt":"2019-10-01T11:31:43","guid":{"rendered":"http:\/\/wadokai.ee\/?page_id=2"},"modified":"2023-03-09T12:35:48","modified_gmt":"2023-03-09T12:35:48","slug":"sample-page","status":"publish","type":"page","link":"https:\/\/wadokai.ee\/en\/sample-page\/","title":{"rendered":"Tere tulemast!"},"content":{"rendered":"<section class=\"kc-elm kc-css-291367 kc_row\"><div class=\"kc-row-container  kc-container\"><div class=\"kc-wrap-columns\"><div class=\"kc-elm kc-css-356202 kc_col-sm-12 kc_column kc_col-sm-12\"><div class=\"kc-col-container\"><div class=\"kc-elm kc-css-227640 kc_text_block\"><p>Wadokai Estonia MT\u00dc \u00fchendab Wadoryu karate stiili harrastavaid klubisid ja \u00fchendusi Eestis.<\/p>\n<p><!-- \/wp:post-content --><\/p>\n<p><!-- wp:paragraph --><\/p>\n<p><!-- \/wp:paragraph --><\/p>\n<\/div><\/div><\/div><\/div><\/div><\/section>","protected":false},"excerpt":{"rendered":"","protected":false},"author":1,"featured_media":0,"parent":0,"menu_order":0,"comment_status":"closed","ping_status":"open","template":"","meta":{"footnotes":""},"class_list":["post-2","page","type-page","status-publish","hentry"],"_links":{"self":[{"href":"https:\/\/wadokai.ee\/en\/wp-json\/wp\/v2\/pages\/2","targetHints":{"allow":["GET"]}}],"collection":[{"href":"https:\/\/wadokai.ee\/en\/wp-json\/wp\/v2\/pages"}],"about":[{"href":"https:\/\/wadokai.ee\/en\/wp-json\/wp\/v2\/types\/page"}],"author":[{"embeddable":true,"href":"https:\/\/wadokai.ee\/en\/wp-json\/wp\/v2\/users\/1"}],"replies":[{"embeddable":true,"href":"https:\/\/wadokai.ee\/en\/wp-json\/wp\/v2\/comments?post=2"}],"version-history":[{"count":0,"href":"https:\/\/wadokai.ee\/en\/wp-json\/wp\/v2\/pages\/2\/revisions"}],"wp:attachment":[{"href":"https:\/\/wadokai.ee\/en\/wp-json\/wp\/v2\/media?parent=2"}],"curies":[{"name":"wp","href":"https:\/\/api.w.org\/{rel}","templated":true}]}}