{"id":19,"date":"2019-10-01T12:06:24","date_gmt":"2019-10-01T12:06:24","guid":{"rendered":"http:\/\/wadokai.ee\/?page_id=19"},"modified":"2026-02-10T12:34:42","modified_gmt":"2026-02-10T12:34:42","slug":"pealeht","status":"publish","type":"page","link":"https:\/\/wadokai.ee\/en\/","title":{"rendered":"Avaleht"},"content":{"rendered":"<section data-kc-fullwidth=\"content\" class=\"kc-elm kc-css-5590 kc_row\"><div class=\"kc-row-container\"><div class=\"kc-wrap-columns\"><div class=\"kc-elm kc-css-468229 kc_col-sm-8 kc_column kc_col-sm-8\"><div class=\"kc-col-container\">\n<div class=\"kc-elm kc-css-638937 kc-title-wrap\">\n\n\t<h4 class=\"kc_title\">Avaleht<\/h4>\n<\/div>\n<div class=\"kc-elm kc-css-873169 kc_text_block\"><p>Tere tulemast Eesti Wadokai Estonia kodulehele.<\/p>\n<p><!-- \/wp:post-content --><\/p>\n<p><!-- wp:paragraph {\"textColor\":\"vivid-cyan-blue\",\"fontSize\":\"medium\"} --><\/p>\n<p>Wadokai Estonia koondab kokku Wadoryu karated harrastavad klubid ja r\u00fchmad Eestis. Harrastatake Wadoryu stiili karated vastavalt JKF Wadokai tehnilistele standarditele. Iga-aastaselt korraldame Eestis suve- ja s\u00fcgislaagreid ning teeme koost\u00f6\u00f6d teiste riikide Wadoryu stiili liitudega. Meie eesm\u00e4rgiks on pakkuda harrastajatele kehalist koormust ja enesearengut l\u00e4bi traditsioonilise Jaapani v\u00f5itluskunsti karate.<\/p>\n<p><!-- \/wp:paragraph --><\/p>\n<\/div><\/div><\/div><div class=\"kc-elm kc-css-42494 kc_col-sm-4 kc_column kc_col-sm-4\"><div class=\"kc-col-container\">\n<div class=\"kc-elm kc-css-130232 kc-title-wrap\">\n\n\t<h4 class=\"kc_title\">Uudised<\/h4>\n<\/div>\n<div class=\"kc-elm kc-css-271885 kc_text_block\"><p>17.04.2024<\/p>\n<p><strong>Wadokai Estonia suvelaager toimub 28-30.juunil 2024.a Hiiumaa Spordikeskuses, P\u00f5llu 27, K\u00e4rdla, Hiiumaa.<\/strong><\/p>\n<p><strong>Registreerimine kuni 11.juunini.<\/strong><\/p>\n<p>Registreerimiseks t\u00e4ida vorm \u00a0<strong><a href=\"https:\/\/forms.gle\/2Zuyhk74TjAdkmPH6\">SIIN<\/a><\/strong><\/p>\n<p>English registrartion \u00a0<a href=\"https:\/\/forms.gle\/LBarHWBs415G41tZ8\"><strong>HERE<\/strong><\/a><\/p>\n<p>Lisainfo: <a href=\"https:\/\/www.facebook.com\/events\/797971632185384?acontext=%7B%22event_action_history%22%3A&#091;%7B%22surface%22%3A%22group%22%7D&#093;%7D\"><b>Wadokai FB<\/b><\/a><\/p>\n<\/div>\n<div class=\"kc-elm kc-css-18781 divider_line\">\n\t<div class=\"divider_inner divider_line1\">\n\t\t\t<\/div>\n<\/div>\n<div class=\"kc-elm kc-css-531853 kc_text_block\"><p>23.08.2023<\/p>\n<p><strong>Wadoryu karate hooaeg 2023\/2024<\/strong><\/p>\n<p>Treeningud toimuvad V\u00f5itluskunstide klubi Budokan dojos<\/p>\n<ul>\n<li>alustame 4.september<\/li>\n<li>Kalamaja P\u00f5hikooli v\u00f5imlas 3.korrusel, Tallinnas<\/li>\n<li>esmasp\u00e4eviti, kolmap\u00e4eviti kl 19.00-20.30 ja neljap\u00e4eviti kl 17.30-19.00<\/li>\n<\/ul>\n<p>Info ja registreerimine <a href=\"https:\/\/budokan.ee\">www.budokan.ee<\/a> ja kajar@wadokai.ee<\/p>\n<\/div>\n<div class=\"kc-elm kc-css-105704 divider_line\">\n\t<div class=\"divider_inner divider_line1\">\n\t\t\t<\/div>\n<\/div>\n<div class=\"kc-elm kc-css-538045 kc_text_block\"><p>01.07.2023<\/p>\n<p><strong>Wadokai Estonia suvelaager 2023<\/strong><\/p>\n<p><strong>Aeg:<\/strong> 7-9.juuli\u00a0<\/p>\n<p><strong>Koht:<\/strong> Hiiumaa Spordikeskus<\/p>\n<p><strong>Info ja registreerimine:<\/strong> kajar@wadokai.ee ja www.wadokai.ee<\/p>\n<\/div><\/div><\/div><\/div><\/div><\/section>","protected":false},"excerpt":{"rendered":"","protected":false},"author":1,"featured_media":0,"parent":0,"menu_order":0,"comment_status":"closed","ping_status":"closed","template":"","meta":{"footnotes":""},"class_list":["post-19","page","type-page","status-publish","hentry"],"_links":{"self":[{"href":"https:\/\/wadokai.ee\/en\/wp-json\/wp\/v2\/pages\/19","targetHints":{"allow":["GET"]}}],"collection":[{"href":"https:\/\/wadokai.ee\/en\/wp-json\/wp\/v2\/pages"}],"about":[{"href":"https:\/\/wadokai.ee\/en\/wp-json\/wp\/v2\/types\/page"}],"author":[{"embeddable":true,"href":"https:\/\/wadokai.ee\/en\/wp-json\/wp\/v2\/users\/1"}],"replies":[{"embeddable":true,"href":"https:\/\/wadokai.ee\/en\/wp-json\/wp\/v2\/comments?post=19"}],"version-history":[{"count":0,"href":"https:\/\/wadokai.ee\/en\/wp-json\/wp\/v2\/pages\/19\/revisions"}],"wp:attachment":[{"href":"https:\/\/wadokai.ee\/en\/wp-json\/wp\/v2\/media?parent=19"}],"curies":[{"name":"wp","href":"https:\/\/api.w.org\/{rel}","templated":true}]}}