{"id":269,"date":"2020-05-15T20:36:47","date_gmt":"2020-05-15T20:36:47","guid":{"rendered":"http:\/\/wadokai.ee\/?page_id=269"},"modified":"2023-03-09T12:36:21","modified_gmt":"2023-03-09T12:36:21","slug":"wado-ryu-stiil","status":"publish","type":"page","link":"http:\/\/wadokai.ee\/en\/wado-ryu-stiil\/","title":{"rendered":"Wado-ryu stiil"},"content":{"rendered":"<section class=\"kc-elm kc-css-624429 kc_row\"><div class=\"kc-row-container  kc-container\"><div class=\"kc-wrap-columns\"><div class=\"kc-elm kc-css-926546 kc_col-sm-12 kc_column kc_col-sm-12\"><div class=\"kc-col-container\"><div class=\"kc-elm kc-css-335302 kc_text_block\"><p style=\"text-align: center;\"><strong>WADORYU KARATE-DO<\/strong><\/p>\n<p>Wado koolkonna rajaja <a href=\"ohtsuka.html\">Hironori Ohtsuka<\/a> , 10. Dan Meijin*(1892 &#8211; 1982) oli eluajal \u00fcks t\u00e4htsamaid inimesi Jaapani budomaailmas. J\u00e4rgnevalt tuleb l\u00fchike \u00fclevaade selle ebatavalise mehe elust ja tema rajatud stiilist.<\/p>\n<p><span>Wado-ryu ( wa = rahu\/ harmoonia,\u00a0 do = tee\/ rada,\u00a0 ryu = koolkond\/ stiil) ehk rahu tee koolkond on stiil, mille juured on klassikalises jaapani ju-jitsus ning vanas okinawa karates.<\/span><\/p>\n<p>Koolkonna rajaja Ohtsuka Sensei oli lapsest saadik \u00f5ppinud ju-jitsut. Harjutanud 24 aastat ja saavutanud 29-aastaselt oma koolkonna juhi astme (koha, millest tavaliselt temast kaks korda vanemad v\u00f5isid alles unistada), alustas ta Okinawa karate harjutamist kuulsa Gichin Funakoshi \u00f5pilasena. Ohtsuka poolt varem harjutatud ju-jitsu oli loomult pehme ja paindlik. Sellep\u00e4rast oli tal raske m\u00f5ista m\u00f5ningaid okinawa karate tehnikaid, milles kasutati palju j\u00f5udu. \u00d5ppinud Funakoshi juures k\u00fcmmekond aastat, \u00fchendas ta Okinawa karate ja Jaapani ju-jitsu p\u00f5him\u00f5tted ja tehnikad, arendades nii v\u00e4lja stiili, mille nimeks sai Wado.<\/p>\n<p>Wado on stiilina eriti s\u00fcgavasisuline ja selle \u00f5petajad mainivad tihti, et Wado-ryu on m\u00f5tleva inimese karate. Algajaile \u00f5petatakse trajektoorilt pisut suuremaid ja lihtsamaid tehnikaid. Kui teatud p\u00f5hit\u00f5ed on selged, muutuvad liigutused v\u00e4iksemaks ja nende taga peituv idee tuleb paremini esile. SANBON KUMITEDES (kolme sammu paarisharjutused) \u00f5pitakse kaitsma ning sooritama vastur\u00fcnnakut samaaegselt. Nendes tehnikates ilmneb k\u00f5rvalep\u00f5ikamise, v\u00e4ltimise esmaj\u00e4rguline t\u00e4htsus, kaitse on vaid julgestav faktor. Ideaalvariandis ei ole Wado&#039;s \u00fcldse kaitsetehnikaid.<\/p>\n<p>Mida kaugemale ja k\u00f5rgemale Wado-ryu tehnikates arenetakse, seda pehmemateks ja &#8220;ju-jitsulikumateks\" need muutuvad.<\/p>\n<p>&#8220;J\u00f5ud j\u00f5u vastu\" m\u00f5tlemist on kerge omandada, kuid see toimib vaid niikaua, kuni leidub keegi, kes on veel tugevam. Wado kasutab \u00e4ra k\u00f5rvalep\u00f5iklemise p\u00f5him\u00f5tet: kui keegi kukutab sinu pihta k\u00f5rge maja katuselt kivi ja sina lihtsalt p\u00f5ikad k\u00f5rvale, on \u00fcpris \u00fcksk\u00f5ik, kas kivi kaalus 5 v\u00f5i 500 kilogrammi. Teine, Shiomitsu Sensei poolt tihti toodud n\u00e4ide, on kellegi poole s\u00f5itev auto. V\u00f5id muidugi v\u00f5tta madala kaitseasendi ning sooritada tugevaima kaitse, kuid et sinu j\u00f5ud on paratamatult v\u00e4iksem auto omast, kaotad ja osutud allaaetuks. Kaitsmise asemel auto eest lihtsalt k\u00f5rvale astudes v\u00e4ldid kergelt ja vaevata allaj\u00e4\u00e4mist. \u00dcheaegse k\u00f5rvale p\u00f5ikamise ja vastur\u00fcnnaku p\u00f5him\u00f5tet \u00e4ra kasutades, saame samuti oma tehnikatesse m\u00e4rgatavalt j\u00f5udu juurde. Sooritades sirgjoonelise kaitse asemel v\u00e4ltimis-, k\u00f5rvalep\u00f5ike liigutuse, tormab vastane meie rusikate otsa ja sel moel otsekui laename vastase j\u00f5udu tema v\u00f5itmiseks. Seep\u00e4rast r\u00f5hutatakse toore j\u00f5u kasutamise asemel kiirust, ajastamist ja tai sabakit.<\/p>\n<p>Wado-ryu tehnilise s\u00fcdamiku moodustavad Ohtsuka Sensei poolt v\u00e4lja arendatud 10 KIHON KUMITED. N\u00f5utakse paariaastast harjutamist, enne kui tehnikad on j\u00f5udnud sellele tasemele, et Kihon Kumitesid v\u00f5idakse \u00f5petada. \u00dcldiselt toimub see \u00f5pilase valmistudes 3. kyu ehk esimese pruuni v\u00f6\u00f6 eksamiks. Kihon Kumited on paarilisega tehtavad kokkulepitud liigutusteseeriad, kus harjutatakse n\u00e4iteks r\u00fcnnaku eest \u00e4ra libisemist, r\u00fcndaja tasakaalu h\u00e4irimist, k\u00e4elukke ja tehnika v\u00e4ltimist r\u00fcnnakusse astudes. T\u00e4htis on kogu keha raskuse, jalgade ja puusa t\u00f5hus kasutamine. Nendes tehnikates tuleb Wado-ryu olemus k\u00f5ige paremini esile.<\/p>\n<p>Wado-ryu&#039;s harjutatakse nii katasid kui vabav\u00f5itlust. Wado katad pole pealtvaatajatele v\u00f5ib-olla nii efektsed kui n\u00e4iteks Shotokan-stiili katad, kuid see juhildub just selle koolkonna p\u00f5him\u00f5tteid j\u00e4rgivast j\u00f5u v\u00f5imalikult otstarbekast kasutamisest. Pelk v\u00e4line j\u00f5ud ei ole tingimata efektiivsete tehnikate garantii. Osava Wado-ryu \u00f5petaja esitatud tehnikad v\u00f5ivad k\u00fcll n\u00e4ida pehmete ja lihtsatena, kuid tehnikate sellist omadust ei tohi segi ajada efektitusega, sest r\u00fcnnakut vastuv\u00f5tvast poolest on nad k\u00f5ike muud kui pehmed. Wado harjutaja p\u00fcrgib v\u00e4ltima r\u00fcnnakut m\u00f5jusalt, kuid samas siiski s\u00e4ilitama hea asendi ja distantsi vastur\u00fcnnakuks.<\/p>\n<p><span style=\"font-family: @Arial Unicode MS;\">* Meijin\u00a0t\u00e4hendab jaapani keeles meistrit<\/span><\/p>\n<p><em><span style=\"font-family: @Arial Unicode MS;\">Wado-Ryu eesm\u00e4rgiks on v\u00f5itmatu tahtej\u00f5u, terve keha ja m\u00f5istuse arendamine, et v\u00f5iksime omaks v\u00f5tta rahu ja harmoonia (wa)H. <\/span><\/em><\/p>\n<p style=\"text-align: right;\"><em><span style=\"font-family: @Arial Unicode MS;\">OHTSUKA I 1892-1982<br \/>WADO-RYU KARATE-DO RAJAJA<\/span><\/em><\/p><\/p>\n<\/div><\/div><\/div><\/div><\/div><\/section>","protected":false},"excerpt":{"rendered":"","protected":false},"author":1,"featured_media":0,"parent":0,"menu_order":0,"comment_status":"closed","ping_status":"closed","template":"page-fullwidth.php","meta":{"footnotes":""},"class_list":["post-269","page","type-page","status-publish","hentry"],"_links":{"self":[{"href":"http:\/\/wadokai.ee\/en\/wp-json\/wp\/v2\/pages\/269","targetHints":{"allow":["GET"]}}],"collection":[{"href":"http:\/\/wadokai.ee\/en\/wp-json\/wp\/v2\/pages"}],"about":[{"href":"http:\/\/wadokai.ee\/en\/wp-json\/wp\/v2\/types\/page"}],"author":[{"embeddable":true,"href":"http:\/\/wadokai.ee\/en\/wp-json\/wp\/v2\/users\/1"}],"replies":[{"embeddable":true,"href":"http:\/\/wadokai.ee\/en\/wp-json\/wp\/v2\/comments?post=269"}],"version-history":[{"count":0,"href":"http:\/\/wadokai.ee\/en\/wp-json\/wp\/v2\/pages\/269\/revisions"}],"wp:attachment":[{"href":"http:\/\/wadokai.ee\/en\/wp-json\/wp\/v2\/media?parent=269"}],"curies":[{"name":"wp","href":"https:\/\/api.w.org\/{rel}","templated":true}]}}