{"id":25,"date":"2019-10-01T12:10:56","date_gmt":"2019-10-01T12:10:56","guid":{"rendered":"http:\/\/wadokai.ee\/?page_id=25"},"modified":"2023-04-11T11:20:45","modified_gmt":"2023-04-11T11:20:45","slug":"ekws","status":"publish","type":"page","link":"http:\/\/wadokai.ee\/en\/ekws\/","title":{"rendered":"WADOKAI ESTONIA"},"content":{"rendered":"<section class=\"kc-elm kc-css-930339 kc_row\"><div class=\"kc-row-container  kc-container\"><div class=\"kc-wrap-columns\"><div class=\"kc-elm kc-css-548475 kc_col-sm-12 kc_column kc_col-sm-12\"><div class=\"kc-col-container\"><div class=\"kc-elm kc-css-541029 kc_text_block\"><p><span style=\"font-style: inherit;\">Wadokai Estonia MT\u00dc \u00a0on mittetulundus\u00fching, mis on Eesti Karate-Do Wadokai Seltsi \u00f5igusj\u00e4rglane ning tegutseb 1999.aastast.\u00a0<\/span><\/p>\n<p><span style=\"font-style: inherit;\">Wadokai Estonia MT\u00dc koondab kokku Wadoryu karated harrastavad klubid ja r\u00fchmad Eestis. Harrastatake Wadoryu stiili karated vastavalt JKF Wadokai tehnilistele standarditele. Iga-aastaselt korraldame Eestis suve- ja s\u00fcgislaagreid ning teeme koost\u00f6\u00f6d teiste riikide Wadoryu stiili liitudega. Meie eesm\u00e4rgiks on edendada ja arendada Wadoryu karated Eestis ning pakkuda harrastajatele kehalist koormust ja enesearengut l\u00e4bi traditsioonilise Jaapani v\u00f5itluskunsti karate.<\/span><\/p><\/p>\n<\/div><\/div><\/div><\/div><\/div><\/section><!-- \/wp:post-content -->","protected":false},"excerpt":{"rendered":"","protected":false},"author":1,"featured_media":0,"parent":0,"menu_order":0,"comment_status":"closed","ping_status":"closed","template":"page-fullwidth.php","meta":{"footnotes":""},"class_list":["post-25","page","type-page","status-publish","hentry"],"_links":{"self":[{"href":"http:\/\/wadokai.ee\/en\/wp-json\/wp\/v2\/pages\/25","targetHints":{"allow":["GET"]}}],"collection":[{"href":"http:\/\/wadokai.ee\/en\/wp-json\/wp\/v2\/pages"}],"about":[{"href":"http:\/\/wadokai.ee\/en\/wp-json\/wp\/v2\/types\/page"}],"author":[{"embeddable":true,"href":"http:\/\/wadokai.ee\/en\/wp-json\/wp\/v2\/users\/1"}],"replies":[{"embeddable":true,"href":"http:\/\/wadokai.ee\/en\/wp-json\/wp\/v2\/comments?post=25"}],"version-history":[{"count":0,"href":"http:\/\/wadokai.ee\/en\/wp-json\/wp\/v2\/pages\/25\/revisions"}],"wp:attachment":[{"href":"http:\/\/wadokai.ee\/en\/wp-json\/wp\/v2\/media?parent=25"}],"curies":[{"name":"wp","href":"https:\/\/api.w.org\/{rel}","templated":true}]}}