{"id":111,"date":"2019-11-02T08:29:31","date_gmt":"2019-11-02T08:29:31","guid":{"rendered":"http:\/\/wadokai.ee\/?page_id=111"},"modified":"2025-07-02T11:16:25","modified_gmt":"2025-07-02T11:16:25","slug":"dan-komisjon","status":"publish","type":"page","link":"http:\/\/wadokai.ee\/en\/dan-komisjon\/","title":{"rendered":"DAN komisjon"},"content":{"rendered":"<section class=\"kc-elm kc-css-943446 kc_row\"><div class=\"kc-row-container  kc-container\"><div class=\"kc-wrap-columns\"><div class=\"kc-elm kc-css-955952 kc_col-sm-12 kc_column kc_col-sm-12\"><div class=\"kc-col-container\"><div class=\"kc-elm kc-css-316898 kc_text_block\"><p>Dan komisjon koosneb liikmetest, kes on tegelenud karatega aastaid ning omavad selles osas v\u00e4\u00e4rtuslikke kogemusi. Liikmed aktiivselt treenivad, \u00f5petavad ning t\u00f5stavad oma tehnilist taset k\u00fclastades karate laagreid Eestis, Euroopas ja Jaapanis.<\/p>\n<\/div><div class=\"kc-elm kc-css-168523\" style=\"height: 30px; clear: both; width:100%;\"><\/div><\/div><\/div><\/div><\/div><\/section><section class=\"kc-elm kc-css-976487 kc_row\"><div class=\"kc-row-container  kc-container\"><div class=\"kc-wrap-columns\"><div class=\"kc-elm kc-css-430353 kc_col-sm-3 kc_column kc_col-sm-3\"><div class=\"kc-col-container\"><div class=\"kc-elm kc-css-119951 kc_shortcode kc_single_image\">\n\n        <a  href=\"http:\/\/www.wadokai.ee\/wp-content\/uploads\/2025\/07\/018A4130-scaled.jpg\" title=\"\" target=\"\">\n        <img decoding=\"async\" src=\"http:\/\/www.wadokai.ee\/wp-content\/uploads\/2025\/07\/018A4130-scaled.jpg\" class=\"\" alt=\"\" \/>    <\/a>\n    <\/div>\n<div class=\"kc-elm kc-css-957804\" style=\"height: 20px; clear: both; width:100%;\"><\/div><div class=\"kc-elm kc-css-883399 kc_text_block\"><p style=\"text-align: left;\"><strong>Kajar Help (Tallinn)<\/strong><\/p>\n<p>6.dan JKF Wadokai<\/p>\n<p>2.kyu instruktor JKF Wadokai<\/p>\n<p>2.kyu eksamineerija JKF Wadokai<\/p>\n<p style=\"text-align: left;\">Wadokai Estonia president<\/p>\n<\/div><\/div><\/div><div class=\"kc-elm kc-css-676837 kc_col-sm-3 kc_column kc_col-sm-3\"><div class=\"kc-col-container\"><div class=\"kc-elm kc-css-254964 kc_shortcode kc_single_image\">\n\n        <a  href=\"http:\/\/www.wadokai.ee\/wp-content\/uploads\/2025\/07\/018A4136-scaled.jpg\" title=\"\" target=\"\">\n        <img decoding=\"async\" src=\"http:\/\/www.wadokai.ee\/wp-content\/uploads\/2025\/07\/018A4136-scaled.jpg\" class=\"\" alt=\"\" \/>    <\/a>\n    <\/div>\n<div class=\"kc-elm kc-css-925569\" style=\"height: 20px; clear: both; width:100%;\"><\/div><div class=\"kc-elm kc-css-642615 kc_text_block\"><p style=\"text-align: left;\"><strong>Mairo Kullisaar <\/strong>(Tallinn)<\/p>\n<p>5.dan JKF Wadokai<\/p>\n<p>3.kyu instruktor JKF Wadokai<\/p>\n<p>3.kyu eksamineerija JKF Wadokai<\/p>\n<p style=\"text-align: left;\">\n<\/div><\/div><\/div><div class=\"kc-elm kc-css-769541 kc_col-sm-3 kc_column kc_col-sm-3\"><div class=\"kc-col-container\"><div class=\"kc-elm kc-css-943298 kc_shortcode kc_single_image\">\n\n        <img decoding=\"async\" src=\"http:\/\/www.wadokai.ee\/wp-content\/uploads\/2023\/08\/IMG_3118-scaled.jpeg\" class=\"\" alt=\"\" \/>    <\/div>\n<div class=\"kc-elm kc-css-780541\" style=\"height: 20px; clear: both; width:100%;\"><\/div><div class=\"kc-elm kc-css-291927 kc_text_block\"><p style=\"text-align: left;\"><strong>Jaanus Sulg <\/strong>(Tallinn)<\/p>\n<p>5.dan JKF Wadokai<\/p>\n<p>3.kyu instruktor JKF Wadokai<\/p>\n<p>3.kyu eksamineerija JKF Wadokai<\/p>\n<p style=\"text-align: left;\">\n<p style=\"text-align: left;\">\n<\/div><\/div><\/div><div class=\"kc-elm kc-css-5300 kc_col-sm-3 kc_column kc_col-sm-3\"><div class=\"kc-col-container\"><div class=\"kc-elm kc-css-44016 kc_shortcode kc_single_image\">\n\n        <img decoding=\"async\" src=\"http:\/\/www.wadokai.ee\/wp-content\/uploads\/2025\/07\/IMG_6371-scaled.jpeg\" class=\"\" alt=\"\" \/>    <\/div>\n<div class=\"kc-elm kc-css-404771\" style=\"height: 20px; clear: both; width:100%;\"><\/div><div class=\"kc-elm kc-css-732691 kc_text_block\"><p style=\"text-align: left;\"><strong>Antti Haljak <\/strong>(Tallinn)<\/p>\n<p>5.dan JKF Wadokai<\/p>\n<p style=\"text-align: left;\">\n<\/div><\/div><\/div><\/div><\/div><\/section><section class=\"kc-elm kc-css-477534 kc_row\"><div class=\"kc-row-container  kc-container\"><div class=\"kc-wrap-columns\"><div class=\"kc-elm kc-css-994102 kc_col-sm-12 kc_column kc_col-sm-12\"><div class=\"kc-col-container\"><div class=\"kc-elm kc-css-134460\" style=\"height: 40px; clear: both; width:100%;\"><\/div><\/div><\/div><\/div><\/div><\/section><section class=\"kc-elm kc-css-67265 kc_row\"><div class=\"kc-row-container  kc-container\"><div class=\"kc-wrap-columns\"><div class=\"kc-elm kc-css-31749 kc_col-sm-3 kc_column kc_col-sm-3\"><div class=\"kc-col-container\"><div class=\"kc-elm kc-css-937255 kc_shortcode kc_single_image\">\n\n        <img decoding=\"async\" src=\"http:\/\/www.wadokai.ee\/wp-content\/uploads\/2025\/07\/018A4139-scaled.jpg\" class=\"\" alt=\"\" \/>    <\/div>\n<div class=\"kc-elm kc-css-169263\" style=\"height: 20px; clear: both; width:100%;\"><\/div><div class=\"kc-elm kc-css-897487 kc_text_block\"><p style=\"text-align: left;\"><strong>Madis Sinimets <\/strong>(Tallinn)<\/p>\n<p>4.dan JKF Wadokai<\/p>\n<p style=\"text-align: left;\">\n<\/div><\/div><\/div><div class=\"kc-elm kc-css-240950 kc_col-sm-3 kc_column kc_col-sm-3\"><div class=\"kc-col-container\"><div class=\"kc-elm kc-css-704756 kc_shortcode kc_single_image\">\n\n        <img decoding=\"async\" src=\"http:\/\/www.wadokai.ee\/wp-content\/uploads\/2025\/07\/018A4131-scaled.jpg\" class=\"\" alt=\"\" \/>    <\/div>\n<div class=\"kc-elm kc-css-484066\" style=\"height: 20px; clear: both; width:100%;\"><\/div><div class=\"kc-elm kc-css-842879 kc_text_block\"><p style=\"text-align: left;\"><strong>Margot Arnus <\/strong>(Tallinn)<\/p>\n<p>3.dan JKF Wadokai<\/p>\n<p style=\"text-align: left;\">\n<\/div><\/div><\/div><div class=\"kc-elm kc-css-288339 kc_col-sm-3 kc_column kc_col-sm-3\"><div class=\"kc-col-container\"><div class=\"kc-elm kc-css-390203 kc_shortcode kc_single_image\">\n\n        <img decoding=\"async\" src=\"http:\/\/www.wadokai.ee\/wp-content\/uploads\/2025\/07\/IMG_2606-scaled.jpeg\" class=\"\" alt=\"\" \/>    <\/div>\n<div class=\"kc-elm kc-css-243066\" style=\"height: 20px; clear: both; width:100%;\"><\/div><div class=\"kc-elm kc-css-338754 kc_text_block\"><p style=\"text-align: left;\"><strong>Igor Neemre <\/strong>(J\u00e4rva-Jaani)<\/p>\n<p>3.dan JKF Wadokai<\/p>\n<p style=\"text-align: left;\">\n<\/div><\/div><\/div><div class=\"kc-elm kc-css-452898 kc_col-sm-3 kc_column kc_col-sm-3\"><div class=\"kc-col-container\"><\/div><\/div><\/div><\/div><\/section>","protected":false},"excerpt":{"rendered":"","protected":false},"author":1,"featured_media":0,"parent":0,"menu_order":0,"comment_status":"closed","ping_status":"closed","template":"page-fullwidth.php","meta":{"footnotes":""},"class_list":["post-111","page","type-page","status-publish","hentry"],"_links":{"self":[{"href":"http:\/\/wadokai.ee\/en\/wp-json\/wp\/v2\/pages\/111","targetHints":{"allow":["GET"]}}],"collection":[{"href":"http:\/\/wadokai.ee\/en\/wp-json\/wp\/v2\/pages"}],"about":[{"href":"http:\/\/wadokai.ee\/en\/wp-json\/wp\/v2\/types\/page"}],"author":[{"embeddable":true,"href":"http:\/\/wadokai.ee\/en\/wp-json\/wp\/v2\/users\/1"}],"replies":[{"embeddable":true,"href":"http:\/\/wadokai.ee\/en\/wp-json\/wp\/v2\/comments?post=111"}],"version-history":[{"count":0,"href":"http:\/\/wadokai.ee\/en\/wp-json\/wp\/v2\/pages\/111\/revisions"}],"wp:attachment":[{"href":"http:\/\/wadokai.ee\/en\/wp-json\/wp\/v2\/media?parent=111"}],"curies":[{"name":"wp","href":"https:\/\/api.w.org\/{rel}","templated":true}]}}